{"id":452,"date":"2025-02-26T03:51:43","date_gmt":"2025-02-26T03:51:43","guid":{"rendered":"https:\/\/tmp.wikibeds.com\/?page_id=452"},"modified":"2025-02-26T03:53:09","modified_gmt":"2025-02-26T03:53:09","slug":"politica-mascotas","status":"publish","type":"page","link":"https:\/\/tmp.wikibeds.com\/index.php\/politica-mascotas\/","title":{"rendered":"Pol\u00edtica de mascotas"},"content":{"rendered":"\t\t<div data-elementor-type=\"wp-page\" data-elementor-id=\"452\" class=\"elementor elementor-452\">\n\t\t\t\t<div class=\"elementor-element elementor-element-2bc1f20 e-flex e-con-boxed e-con e-parent\" data-id=\"2bc1f20\" data-element_type=\"container\" data-settings=\"{&quot;background_background&quot;:&quot;gradient&quot;}\">\n\t\t\t\t\t<div class=\"e-con-inner\">\n\t\t\t\t<div class=\"elementor-element elementor-element-92bf732 elementor-widget elementor-widget-heading\" data-id=\"92bf732\" data-element_type=\"widget\" data-widget_type=\"heading.default\">\n\t\t\t\t<div class=\"elementor-widget-container\">\n\t\t\t\t\t<h2 class=\"elementor-heading-title elementor-size-default\">POL\u00cdTICA DE ACEPTACI\u00d3N DE MASCOTAS<\/h2>\t\t\t\t<\/div>\n\t\t\t\t<\/div>\n\t\t\t\t\t<\/div>\n\t\t\t\t<\/div>\n\t\t<div class=\"elementor-element elementor-element-f23b8f2 e-flex e-con-boxed e-con e-parent\" data-id=\"f23b8f2\" data-element_type=\"container\">\n\t\t\t\t\t<div class=\"e-con-inner\">\n\t\t\t\t<div class=\"elementor-element elementor-element-a10697e elementor-widget elementor-widget-text-editor\" data-id=\"a10697e\" data-element_type=\"widget\" data-widget_type=\"text-editor.default\">\n\t\t\t\t<div class=\"elementor-widget-container\">\n\t\t\t\t\t\t\t\t\t<div class=\"main  main-raised \"><div class=\"blog-post \"><div class=\"container\"><article id=\"post-144\" class=\"section section-text\"><div class=\"row\"><div class=\"col-md-8 page-content-wrap  col-md-offset-2\"><div>El programa est\u00e1 destinado a perros y gatos domesticados, hasta un m\u00e1ximo de 15 kg.<\/div><div>Deber\u00e1n traer una correa y jaula de transporte para las mascotas quienes deben estar controladas con una correa o en sus respectivas jaulas mientras est\u00e1n fuera de sus habitaciones.<\/div><div>\u00a0<\/div><div>Cuando se proceda a realizar la limpieza de la habitaci\u00f3n o se presta cualquier otro servicio dentro de la misma, se deber\u00e1 retirar a la mascota de la habitaci\u00f3n, o bien tendr\u00e1n que estar dentro de su jaula de transporte o controladas con la correa por sus due\u00f1os.<\/div><div>\u00a0<\/div><div>Los due\u00f1os de las mascotas deben traer tapetes sanitarios para la recolecci\u00f3n de las heces de su mascota, las cuales deber\u00e1 depositar en la taza del ba\u00f1o y colocar el tapete usado en el cesto de la basura.<\/div><div>Las mascotas no tienen acceso a la alberca o ninguna otra \u00e1rea donde se sirvan alimentos y bebidas. Al salir de su habitaci\u00f3n, las mascotas deber\u00e1n ir debidamente controlados por la correa de otra manera, deber\u00e1n permanecer dentro de su jaula transportadora.<\/div><div>\u00a0<\/div><div>La mascota no podr\u00e1 permanecer sola en la habitaci\u00f3n o en las instalaciones del Hotel en ning\u00fan momento.<\/div><div>El Hu\u00e9sped deber\u00e1 presentar al momento del check in la cartilla de vacunaci\u00f3n de la mascota y dejar copia.<\/div><div>El Hu\u00e9sped ser\u00e1 responsable que la mascota no emita ladridos o ruidos que interrumpan o afecten la tranquilidad de los dem\u00e1s Hu\u00e9spedes, en caso de que la mascota no se comporte adecuadamente y provoque las quejas de otros Hu\u00e9spedes, el Hotel estar\u00e1 en su derecho de solicitar al Hu\u00e9sped que la mascota sea hospedada fuera del Hotel sin tener derecho a reembolso alguno.<\/div><div>\u00a0<\/div><div>El Hotel se reserva el derecho de admisi\u00f3n a ciertas mascotas de aspecto agresivo o que considere que \u00e9sta es peligrosa o que puede llegar a asustar, da\u00f1ar o afectar la estancia de los otros hu\u00e9spedes.<\/div><div>\u00a0<\/div><div>El derecho a hospedar a una mascota tendr\u00e1 un costo de 200.00 (doscientos pesos 00\/100 mn) por noche, impuestos incluidos, limitado a una mascota por habitaci\u00f3n.<\/div><\/div><\/div><\/article><\/div><\/div><\/div><footer class=\"footer footer-black footer-big\"><div class=\"container\"><div class=\"content\"><div class=\"row\"><div class=\"col-md-4\"><div id=\"block-9\" class=\"widget widget_block\"><div class=\"wp-block-soliloquy-soliloquywp\"><div id=\"soliloquy-container-163\" class=\"soliloquy-container soliloquy-transition-fade  soliloquy-theme-base\" aria-live=\"polite\"><div class=\"soliloquy-wrapper\"><div class=\"soliloquy-viewport\">\u00a0<\/div><\/div><\/div><\/div><\/div><\/div><\/div><\/div><\/div><\/footer>\t\t\t\t\t\t\t\t<\/div>\n\t\t\t\t<\/div>\n\t\t\t\t\t<\/div>\n\t\t\t\t<\/div>\n\t\t\t\t<\/div>\n\t\t","protected":false},"excerpt":{"rendered":"<p>POL\u00cdTICA DE ACEPTACI\u00d3N DE MASCOTAS El programa est\u00e1 destinado a perros y gatos domesticados, hasta un m\u00e1ximo de 15 kg.Deber\u00e1n traer una correa y jaula de transporte para las mascotas quienes deben estar controladas con una correa o en sus respectivas jaulas mientras est\u00e1n fuera de sus habitaciones.\u00a0Cuando se proceda a realizar la limpieza de [&hellip;]<\/p>\n","protected":false},"author":1,"featured_media":0,"parent":0,"menu_order":0,"comment_status":"closed","ping_status":"closed","template":"elementor_header_footer","meta":{"footnotes":""},"class_list":["post-452","page","type-page","status-publish","hentry"],"_links":{"self":[{"href":"https:\/\/tmp.wikibeds.com\/index.php\/wp-json\/wp\/v2\/pages\/452","targetHints":{"allow":["GET"]}}],"collection":[{"href":"https:\/\/tmp.wikibeds.com\/index.php\/wp-json\/wp\/v2\/pages"}],"about":[{"href":"https:\/\/tmp.wikibeds.com\/index.php\/wp-json\/wp\/v2\/types\/page"}],"author":[{"embeddable":true,"href":"https:\/\/tmp.wikibeds.com\/index.php\/wp-json\/wp\/v2\/users\/1"}],"replies":[{"embeddable":true,"href":"https:\/\/tmp.wikibeds.com\/index.php\/wp-json\/wp\/v2\/comments?post=452"}],"version-history":[{"count":4,"href":"https:\/\/tmp.wikibeds.com\/index.php\/wp-json\/wp\/v2\/pages\/452\/revisions"}],"predecessor-version":[{"id":456,"href":"https:\/\/tmp.wikibeds.com\/index.php\/wp-json\/wp\/v2\/pages\/452\/revisions\/456"}],"wp:attachment":[{"href":"https:\/\/tmp.wikibeds.com\/index.php\/wp-json\/wp\/v2\/media?parent=452"}],"curies":[{"name":"wp","href":"https:\/\/api.w.org\/{rel}","templated":true}]}}